{"id":71,"date":"2021-07-13T13:48:41","date_gmt":"2021-07-13T11:48:41","guid":{"rendered":"http:\/\/namelok.com\/?page_id=71"},"modified":"2022-01-29T13:06:32","modified_gmt":"2022-01-29T12:06:32","slug":"ecole-pour-adultes-2","status":"publish","type":"page","link":"https:\/\/namelok.org\/fr\/namelok-farm-association-2\/aidez-nous-a-aider\/ecole-pour-adultes-2\/","title":{"rendered":"Ecole pour adultes"},"content":{"rendered":"\n<blockquote class=\"wp-block-quote has-text-align-center is-layout-flow wp-block-quote-is-layout-flow\"><p>Le sens de la vie c&rsquo;est apprendre toujours, apprendre et transmettre parce que transmettre c&rsquo;est donner, donner c&rsquo;est aider, aider c&rsquo;est avancer, avancer c&rsquo;est grandir.<\/p><cite>Zineve<\/cite><\/blockquote>\n\n\n\n<div class=\"wp-block-columns is-layout-flex wp-container-core-columns-is-layout-9d6595d7 wp-block-columns-is-layout-flex\">\n<div class=\"wp-block-column is-layout-flow wp-block-column-is-layout-flow\">\n<figure class=\"wp-block-image size-full\"><img loading=\"lazy\" decoding=\"async\" width=\"480\" height=\"586\" src=\"https:\/\/namelok.com\/wp-content\/uploads\/2022\/01\/Ecole-Adultes.png\" alt=\"\" class=\"wp-image-691\" srcset=\"https:\/\/namelok.org\/wp-content\/uploads\/2022\/01\/Ecole-Adultes.png 480w, https:\/\/namelok.org\/wp-content\/uploads\/2022\/01\/Ecole-Adultes-246x300.png 246w, https:\/\/namelok.org\/wp-content\/uploads\/2022\/01\/Ecole-Adultes-10x12.png 10w\" sizes=\"auto, (max-width: 480px) 100vw, 480px\" \/><\/figure>\n<\/div>\n\n\n\n<div class=\"wp-block-column is-layout-flow wp-block-column-is-layout-flow\">\n<p>Le projet a d\u00e9marr\u00e9 suite \u00e0 un discours d&rsquo;une maman d&rsquo;\u00e9l\u00e8ves qui expliquait aux \u00e9tudiants que le regret de sa vie \u00e9tait de ne pas savoir lire et \u00e9crire&#8230; Touch\u00e9e en plein coeur par cette femme, j&rsquo;ai tout mis en place pour qu&rsquo;elle puisse acc\u00e9der \u00e0 son r\u00eave.<\/p>\n\n\n\n<p>Six jours plus tard, la premi\u00e8re classe ouvrait ses portes \u00e0 60 femmes.<\/p>\n\n\n\n<p>Depuis, ce projet a \u00e9t\u00e9 dupliqu\u00e9 dans une autre \u00e9cole. La demande pour que nous continuions \u00e0 d\u00e9velopper ce projet dans d&rsquo;autres \u00e9tablissements est tr\u00e8s forte.<\/p>\n\n\n\n<p>Les cours ont lieu l&rsquo;apr\u00e8s-midi, dans les classes libres, sachant que les deux premi\u00e8res ann\u00e9es, les enfants ne vont en cours que le matin.<\/p>\n\n\n\n<p>Les adultes viennent le plus r\u00e9guli\u00e8rement possible; certaines femmes sont accompagn\u00e9es de leurs enfants, trop petits pour rester seuls.<\/p>\n\n\n\n<p>Ils apprennent \u00e0 lire, \u00e0 \u00e9crire, \u00e0 utiliser leur t\u00e9l\u00e9phone, \u00e0 parler quelques mots d&rsquo;anglais et de kiswahili, les bases des math\u00e9matiques. Et surtout tous \u00ab\u00a0grandissent\u00a0\u00bb et d\u00e9veloppent  leur  confiance en eux, gr\u00e2ce \u00e0 ce projet.<\/p>\n\n\n\n<p>Vos dons nous aideront \u00e0 payer le salaire des enseignants et l&rsquo;achat de mat\u00e9riel.<\/p>\n<\/div>\n<\/div>\n\n\n\n<div class=\"wp-block-buttons is-layout-flex wp-block-buttons-is-layout-flex\">\n<div class=\"wp-block-button has-custom-width wp-block-button__width-100\"><a class=\"wp-block-button__link has-sitebg-color has-accent-2-background-color has-text-color has-background\" href=\"https:\/\/namelok.com\/fr\/dons\/\">Faire un don<\/a><\/div>\n<\/div>\n","protected":false},"excerpt":{"rendered":"<p>Le sens de la vie c&rsquo;est apprendre toujours, apprendre et transmettre parce que transmettre c&rsquo;est donner, donner c&rsquo;est aider, aider c&rsquo;est avancer, avancer c&rsquo;est grandir. &hellip;<\/p>\n","protected":false},"author":1,"featured_media":0,"parent":38,"menu_order":0,"comment_status":"closed","ping_status":"closed","template":"","meta":{"footnotes":""},"class_list":["post-71","page","type-page","status-publish","hentry"],"_links":{"self":[{"href":"https:\/\/namelok.org\/fr\/wp-json\/wp\/v2\/pages\/71","targetHints":{"allow":["GET"]}}],"collection":[{"href":"https:\/\/namelok.org\/fr\/wp-json\/wp\/v2\/pages"}],"about":[{"href":"https:\/\/namelok.org\/fr\/wp-json\/wp\/v2\/types\/page"}],"author":[{"embeddable":true,"href":"https:\/\/namelok.org\/fr\/wp-json\/wp\/v2\/users\/1"}],"replies":[{"embeddable":true,"href":"https:\/\/namelok.org\/fr\/wp-json\/wp\/v2\/comments?post=71"}],"version-history":[{"count":7,"href":"https:\/\/namelok.org\/fr\/wp-json\/wp\/v2\/pages\/71\/revisions"}],"predecessor-version":[{"id":772,"href":"https:\/\/namelok.org\/fr\/wp-json\/wp\/v2\/pages\/71\/revisions\/772"}],"up":[{"embeddable":true,"href":"https:\/\/namelok.org\/fr\/wp-json\/wp\/v2\/pages\/38"}],"wp:attachment":[{"href":"https:\/\/namelok.org\/fr\/wp-json\/wp\/v2\/media?parent=71"}],"curies":[{"name":"wp","href":"https:\/\/api.w.org\/{rel}","templated":true}]}}