{"id":53,"date":"2021-07-13T13:43:49","date_gmt":"2021-07-13T11:43:49","guid":{"rendered":"http:\/\/namelok.com\/?page_id=53"},"modified":"2022-01-30T16:18:46","modified_gmt":"2022-01-30T15:18:46","slug":"construction-dune-nouvelle-ecole","status":"publish","type":"page","link":"https:\/\/namelok.org\/fr\/namelok-farm-association-2\/aidez-nous-a-aider\/construction-dune-nouvelle-ecole\/","title":{"rendered":"Construction d&rsquo;une nouvelle \u00e9cole"},"content":{"rendered":"\n<p class=\"has-text-align-left\"><strong>L&rsquo;\u00e9cole sous l&rsquo;arbre ou Enkomonisho Primary School<\/strong><\/p>\n\n\n\n<div class=\"wp-block-columns is-layout-flex wp-container-core-columns-is-layout-9d6595d7 wp-block-columns-is-layout-flex\">\n<div class=\"wp-block-column is-layout-flow wp-block-column-is-layout-flow\">\n<figure class=\"wp-block-gallery columns-3 is-cropped wp-block-gallery-1 is-layout-flex wp-block-gallery-is-layout-flex\"><ul class=\"blocks-gallery-grid\"><li class=\"blocks-gallery-item\"><figure><img loading=\"lazy\" decoding=\"async\" width=\"1024\" height=\"768\" src=\"https:\/\/namelok.com\/wp-content\/uploads\/2022\/01\/PHOTO-2021-12-14-09-45-00-2.jpg\" alt=\"\" data-id=\"379\" data-full-url=\"https:\/\/namelok.com\/wp-content\/uploads\/2022\/01\/PHOTO-2021-12-14-09-45-00-2.jpg\" data-link=\"https:\/\/namelok.com\/namelok-farm-association-2\/aidez-nous-a-aider\/construction-dune-nouvelle-ecole\/photo-2021-12-14-09-45-00-2\/\" class=\"wp-image-379\" srcset=\"https:\/\/namelok.org\/wp-content\/uploads\/2022\/01\/PHOTO-2021-12-14-09-45-00-2.jpg 1024w, https:\/\/namelok.org\/wp-content\/uploads\/2022\/01\/PHOTO-2021-12-14-09-45-00-2-300x225.jpg 300w, https:\/\/namelok.org\/wp-content\/uploads\/2022\/01\/PHOTO-2021-12-14-09-45-00-2-768x576.jpg 768w, https:\/\/namelok.org\/wp-content\/uploads\/2022\/01\/PHOTO-2021-12-14-09-45-00-2-16x12.jpg 16w, https:\/\/namelok.org\/wp-content\/uploads\/2022\/01\/PHOTO-2021-12-14-09-45-00-2-400x300.jpg 400w\" sizes=\"auto, (max-width: 1024px) 100vw, 1024px\" \/><\/figure><\/li><li class=\"blocks-gallery-item\"><figure><img loading=\"lazy\" decoding=\"async\" width=\"1024\" height=\"768\" src=\"https:\/\/namelok.com\/wp-content\/uploads\/2022\/01\/PHOTO-2021-12-14-09-45-00-4.jpg\" alt=\"\" data-id=\"381\" data-full-url=\"https:\/\/namelok.com\/wp-content\/uploads\/2022\/01\/PHOTO-2021-12-14-09-45-00-4.jpg\" data-link=\"https:\/\/namelok.com\/namelok-farm-association-2\/aidez-nous-a-aider\/construction-dune-nouvelle-ecole\/photo-2021-12-14-09-45-00-4\/\" class=\"wp-image-381\" srcset=\"https:\/\/namelok.org\/wp-content\/uploads\/2022\/01\/PHOTO-2021-12-14-09-45-00-4.jpg 1024w, https:\/\/namelok.org\/wp-content\/uploads\/2022\/01\/PHOTO-2021-12-14-09-45-00-4-300x225.jpg 300w, https:\/\/namelok.org\/wp-content\/uploads\/2022\/01\/PHOTO-2021-12-14-09-45-00-4-768x576.jpg 768w, https:\/\/namelok.org\/wp-content\/uploads\/2022\/01\/PHOTO-2021-12-14-09-45-00-4-16x12.jpg 16w, https:\/\/namelok.org\/wp-content\/uploads\/2022\/01\/PHOTO-2021-12-14-09-45-00-4-400x300.jpg 400w\" sizes=\"auto, (max-width: 1024px) 100vw, 1024px\" \/><\/figure><\/li><li class=\"blocks-gallery-item\"><figure><img loading=\"lazy\" decoding=\"async\" width=\"1024\" height=\"768\" src=\"https:\/\/namelok.com\/wp-content\/uploads\/2022\/01\/PHOTO-2021-12-14-09-45-00.jpg\" alt=\"\" data-id=\"382\" data-full-url=\"https:\/\/namelok.com\/wp-content\/uploads\/2022\/01\/PHOTO-2021-12-14-09-45-00.jpg\" data-link=\"https:\/\/namelok.com\/namelok-farm-association-2\/aidez-nous-a-aider\/construction-dune-nouvelle-ecole\/photo-2021-12-14-09-45-00\/\" class=\"wp-image-382\" srcset=\"https:\/\/namelok.org\/wp-content\/uploads\/2022\/01\/PHOTO-2021-12-14-09-45-00.jpg 1024w, https:\/\/namelok.org\/wp-content\/uploads\/2022\/01\/PHOTO-2021-12-14-09-45-00-300x225.jpg 300w, https:\/\/namelok.org\/wp-content\/uploads\/2022\/01\/PHOTO-2021-12-14-09-45-00-768x576.jpg 768w, https:\/\/namelok.org\/wp-content\/uploads\/2022\/01\/PHOTO-2021-12-14-09-45-00-16x12.jpg 16w, https:\/\/namelok.org\/wp-content\/uploads\/2022\/01\/PHOTO-2021-12-14-09-45-00-400x300.jpg 400w\" sizes=\"auto, (max-width: 1024px) 100vw, 1024px\" \/><\/figure><\/li><li class=\"blocks-gallery-item\"><figure><img loading=\"lazy\" decoding=\"async\" width=\"1024\" height=\"768\" src=\"https:\/\/namelok.com\/wp-content\/uploads\/2022\/01\/PHOTO-2021-12-14-09-46-15.jpg\" alt=\"\" data-id=\"383\" data-full-url=\"https:\/\/namelok.com\/wp-content\/uploads\/2022\/01\/PHOTO-2021-12-14-09-46-15.jpg\" data-link=\"https:\/\/namelok.com\/namelok-farm-association-2\/aidez-nous-a-aider\/construction-dune-nouvelle-ecole\/photo-2021-12-14-09-46-15\/\" class=\"wp-image-383\" srcset=\"https:\/\/namelok.org\/wp-content\/uploads\/2022\/01\/PHOTO-2021-12-14-09-46-15.jpg 1024w, https:\/\/namelok.org\/wp-content\/uploads\/2022\/01\/PHOTO-2021-12-14-09-46-15-300x225.jpg 300w, https:\/\/namelok.org\/wp-content\/uploads\/2022\/01\/PHOTO-2021-12-14-09-46-15-768x576.jpg 768w, https:\/\/namelok.org\/wp-content\/uploads\/2022\/01\/PHOTO-2021-12-14-09-46-15-16x12.jpg 16w, https:\/\/namelok.org\/wp-content\/uploads\/2022\/01\/PHOTO-2021-12-14-09-46-15-400x300.jpg 400w\" sizes=\"auto, (max-width: 1024px) 100vw, 1024px\" \/><\/figure><\/li><\/ul><\/figure>\n\n\n\n<div class=\"wp-block-buttons is-layout-flex wp-block-buttons-is-layout-flex\">\n<div class=\"wp-block-button has-custom-width wp-block-button__width-100\"><a class=\"wp-block-button__link has-sitebg-color has-accent-2-background-color has-text-color has-background\" href=\"https:\/\/namelok.com\/fr\/dons\/\">Faire un don<\/a><\/div>\n<\/div>\n\n\n\n<p><\/p>\n<\/div>\n\n\n\n<div class=\"wp-block-column is-layout-flow wp-block-column-is-layout-flow\">\n<p>Cette \u00e9cole est entr\u00e9e en fonction suite \u00e0 une d\u00e9cision des parents de la r\u00e9gion. Le gouvernement promettant depuis des ann\u00e9es la construction d&rsquo;une \u00e9cole, mais ne faisant rien, la communaut\u00e9 a d\u00e9cid\u00e9 de s&rsquo;organiser du mieux qu&rsquo;elle pouvait. Et c&rsquo;est parce qu&rsquo;ils sont tous motiv\u00e9s et pr\u00eats \u00e0 mettre la main \u00e0 la p\u00e2te que nous avons d\u00e9cid\u00e9 d&rsquo;aider cette belle initiative..<\/p>\n\n\n\n<p>En effet, les enfants de cette r\u00e9gion doivent faire plus de 2 heures \u00e0 pieds au milieu du bush (avec tout ce qu&rsquo;il comprend d&rsquo;animaux sauvages) pour se rendre \u00e0 l&rsquo;\u00e9cole et traverser deux rivi\u00e8res. Ce trajet est beaucoup trop difficile pour des enfants de moins de 8 ans. Donc ils  n&rsquo;allaient tout simplement pas en classe.<\/p>\n\n\n\n<p>Depuis la cr\u00e9ation de l&rsquo;\u00e9cole, 60 enfants sont scolaris\u00e9s sous trois arbres ou arbustes diff\u00e9rents. <\/p>\n\n\n\n<p>Les enseignants sont de jeunes adultes de la r\u00e9gion suivant une formation universitaire et r\u00e9mun\u00e9r\u00e9s par les parents. Ces enseignants se relaient tous les trimestres, soit un trimestre \u00e0 l&rsquo;universit\u00e9, puis un trimestre \u00e0 l&rsquo;\u00e9cole sous l&rsquo;arbre et ainsi de suite.<\/p>\n\n\n\n<p>Le projet est de construire en pierres : trois classes, une pi\u00e8ce pour stocker le mat\u00e9riel, une salle des ma\u00eetres et des toilettes s\u00e8ches.<\/p>\n\n\n\n<p>Le budget s&rsquo;\u00e9l\u00e8ve \u00e0 environ CHF 45&rsquo;000.&#8211; et permettrait d&rsquo;avoir une \u00e9cole fonctionnelle et \u00e9quip\u00e9e (pupitres, chaises, tableaux noirs et bureaux pour les enseignants). Il est toujours tr\u00e8s difficile de faire un budget pr\u00e9cis au Kenya car le prix du mat\u00e9riel peut varier du simple au double selon les p\u00e9riodes.<\/p>\n<\/div>\n<\/div>\n\n\n\n<figure class=\"wp-block-gallery columns-3 is-cropped wp-block-gallery-2 is-layout-flex wp-block-gallery-is-layout-flex\"><ul class=\"blocks-gallery-grid\"><li class=\"blocks-gallery-item\"><figure><img loading=\"lazy\" decoding=\"async\" width=\"1024\" height=\"768\" src=\"https:\/\/namelok.com\/wp-content\/uploads\/2022\/01\/IMG_6546-1024x768.jpg\" alt=\"\" data-id=\"384\" data-full-url=\"https:\/\/namelok.com\/wp-content\/uploads\/2022\/01\/IMG_6546.jpg\" data-link=\"https:\/\/namelok.com\/namelok-farm-association-2\/aidez-nous-a-aider\/construction-dune-nouvelle-ecole\/img_6546\/\" class=\"wp-image-384\" srcset=\"https:\/\/namelok.org\/wp-content\/uploads\/2022\/01\/IMG_6546-1024x768.jpg 1024w, https:\/\/namelok.org\/wp-content\/uploads\/2022\/01\/IMG_6546-300x225.jpg 300w, https:\/\/namelok.org\/wp-content\/uploads\/2022\/01\/IMG_6546-768x576.jpg 768w, https:\/\/namelok.org\/wp-content\/uploads\/2022\/01\/IMG_6546-1536x1152.jpg 1536w, https:\/\/namelok.org\/wp-content\/uploads\/2022\/01\/IMG_6546-16x12.jpg 16w, https:\/\/namelok.org\/wp-content\/uploads\/2022\/01\/IMG_6546-400x300.jpg 400w, https:\/\/namelok.org\/wp-content\/uploads\/2022\/01\/IMG_6546.jpg 2048w\" sizes=\"auto, (max-width: 1024px) 100vw, 1024px\" \/><\/figure><\/li><li class=\"blocks-gallery-item\"><figure><img loading=\"lazy\" decoding=\"async\" width=\"1024\" height=\"768\" src=\"https:\/\/namelok.com\/wp-content\/uploads\/2022\/01\/IMG_6547-1024x768.jpg\" alt=\"\" data-id=\"385\" data-full-url=\"https:\/\/namelok.com\/wp-content\/uploads\/2022\/01\/IMG_6547.jpg\" data-link=\"https:\/\/namelok.com\/namelok-farm-association-2\/aidez-nous-a-aider\/construction-dune-nouvelle-ecole\/img_6547\/\" class=\"wp-image-385\" srcset=\"https:\/\/namelok.org\/wp-content\/uploads\/2022\/01\/IMG_6547-1024x768.jpg 1024w, https:\/\/namelok.org\/wp-content\/uploads\/2022\/01\/IMG_6547-300x225.jpg 300w, https:\/\/namelok.org\/wp-content\/uploads\/2022\/01\/IMG_6547-768x576.jpg 768w, https:\/\/namelok.org\/wp-content\/uploads\/2022\/01\/IMG_6547-1536x1152.jpg 1536w, https:\/\/namelok.org\/wp-content\/uploads\/2022\/01\/IMG_6547-16x12.jpg 16w, https:\/\/namelok.org\/wp-content\/uploads\/2022\/01\/IMG_6547-400x300.jpg 400w, https:\/\/namelok.org\/wp-content\/uploads\/2022\/01\/IMG_6547.jpg 2048w\" sizes=\"auto, (max-width: 1024px) 100vw, 1024px\" \/><\/figure><\/li><li class=\"blocks-gallery-item\"><figure><img loading=\"lazy\" decoding=\"async\" width=\"1024\" height=\"768\" src=\"https:\/\/namelok.com\/wp-content\/uploads\/2022\/01\/IMG_6548-1024x768.jpg\" alt=\"\" data-id=\"386\" data-full-url=\"https:\/\/namelok.com\/wp-content\/uploads\/2022\/01\/IMG_6548.jpg\" data-link=\"https:\/\/namelok.com\/namelok-farm-association-2\/aidez-nous-a-aider\/construction-dune-nouvelle-ecole\/img_6548\/\" class=\"wp-image-386\" srcset=\"https:\/\/namelok.org\/wp-content\/uploads\/2022\/01\/IMG_6548-1024x768.jpg 1024w, https:\/\/namelok.org\/wp-content\/uploads\/2022\/01\/IMG_6548-300x225.jpg 300w, https:\/\/namelok.org\/wp-content\/uploads\/2022\/01\/IMG_6548-768x576.jpg 768w, https:\/\/namelok.org\/wp-content\/uploads\/2022\/01\/IMG_6548-1536x1152.jpg 1536w, https:\/\/namelok.org\/wp-content\/uploads\/2022\/01\/IMG_6548-16x12.jpg 16w, https:\/\/namelok.org\/wp-content\/uploads\/2022\/01\/IMG_6548-400x300.jpg 400w, https:\/\/namelok.org\/wp-content\/uploads\/2022\/01\/IMG_6548.jpg 2048w\" sizes=\"auto, (max-width: 1024px) 100vw, 1024px\" \/><\/figure><\/li><li class=\"blocks-gallery-item\"><figure><img loading=\"lazy\" decoding=\"async\" width=\"1024\" height=\"768\" src=\"https:\/\/namelok.com\/wp-content\/uploads\/2022\/01\/IMG_6549-1024x768.jpg\" alt=\"\" data-id=\"387\" data-full-url=\"https:\/\/namelok.com\/wp-content\/uploads\/2022\/01\/IMG_6549.jpg\" data-link=\"https:\/\/namelok.com\/namelok-farm-association-2\/aidez-nous-a-aider\/construction-dune-nouvelle-ecole\/img_6549\/\" class=\"wp-image-387\" srcset=\"https:\/\/namelok.org\/wp-content\/uploads\/2022\/01\/IMG_6549-1024x768.jpg 1024w, https:\/\/namelok.org\/wp-content\/uploads\/2022\/01\/IMG_6549-300x225.jpg 300w, https:\/\/namelok.org\/wp-content\/uploads\/2022\/01\/IMG_6549-768x576.jpg 768w, https:\/\/namelok.org\/wp-content\/uploads\/2022\/01\/IMG_6549-1536x1152.jpg 1536w, https:\/\/namelok.org\/wp-content\/uploads\/2022\/01\/IMG_6549-16x12.jpg 16w, https:\/\/namelok.org\/wp-content\/uploads\/2022\/01\/IMG_6549-400x300.jpg 400w, https:\/\/namelok.org\/wp-content\/uploads\/2022\/01\/IMG_6549.jpg 2048w\" sizes=\"auto, (max-width: 1024px) 100vw, 1024px\" \/><\/figure><\/li><\/ul><figcaption class=\"blocks-gallery-caption\">Le d\u00e9marrage des travaux&#8230; mais maintenant on a besoin de tout votre soutien<\/figcaption><\/figure>\n","protected":false},"excerpt":{"rendered":"<p>L&rsquo;\u00e9cole sous l&rsquo;arbre ou Enkomonisho Primary School Cette \u00e9cole est entr\u00e9e en fonction suite \u00e0 une d\u00e9cision des parents de la r\u00e9gion. Le gouvernement promettant &hellip;<\/p>\n","protected":false},"author":1,"featured_media":0,"parent":38,"menu_order":0,"comment_status":"closed","ping_status":"closed","template":"","meta":{"footnotes":""},"class_list":["post-53","page","type-page","status-publish","hentry"],"_links":{"self":[{"href":"https:\/\/namelok.org\/fr\/wp-json\/wp\/v2\/pages\/53","targetHints":{"allow":["GET"]}}],"collection":[{"href":"https:\/\/namelok.org\/fr\/wp-json\/wp\/v2\/pages"}],"about":[{"href":"https:\/\/namelok.org\/fr\/wp-json\/wp\/v2\/types\/page"}],"author":[{"embeddable":true,"href":"https:\/\/namelok.org\/fr\/wp-json\/wp\/v2\/users\/1"}],"replies":[{"embeddable":true,"href":"https:\/\/namelok.org\/fr\/wp-json\/wp\/v2\/comments?post=53"}],"version-history":[{"count":6,"href":"https:\/\/namelok.org\/fr\/wp-json\/wp\/v2\/pages\/53\/revisions"}],"predecessor-version":[{"id":806,"href":"https:\/\/namelok.org\/fr\/wp-json\/wp\/v2\/pages\/53\/revisions\/806"}],"up":[{"embeddable":true,"href":"https:\/\/namelok.org\/fr\/wp-json\/wp\/v2\/pages\/38"}],"wp:attachment":[{"href":"https:\/\/namelok.org\/fr\/wp-json\/wp\/v2\/media?parent=53"}],"curies":[{"name":"wp","href":"https:\/\/api.w.org\/{rel}","templated":true}]}}