{"id":39,"date":"2021-07-13T13:43:49","date_gmt":"2021-07-13T11:43:49","guid":{"rendered":"http:\/\/namelok.com\/?page_id=39"},"modified":"2022-11-07T11:08:00","modified_gmt":"2022-11-07T10:08:00","slug":"parrainages-decoliers","status":"publish","type":"page","link":"https:\/\/namelok.org\/fr\/namelok-farm-association-2\/aidez-nous-a-aider\/parrainages-decoliers\/","title":{"rendered":"Parrainages d&rsquo;\u00e9coliers"},"content":{"rendered":"\n<blockquote class=\"wp-block-quote has-text-align-center is-style-large is-layout-flow wp-block-quote-is-layout-flow\"><p><strong>\u00ab\u00a0L&rsquo;\u00e9ducation est l&rsquo;arme la plus puissante qu&rsquo;on puisse utiliser pour changer le monde.\u00a0\u00bb          <\/strong><\/p><cite>Nelson Mandela<\/cite><\/blockquote>\n\n\n\n<div class=\"wp-block-columns is-layout-flex wp-container-core-columns-is-layout-9d6595d7 wp-block-columns-is-layout-flex\">\n<div class=\"wp-block-column is-layout-flow wp-block-column-is-layout-flow\">\n<figure class=\"wp-block-image size-full\"><img loading=\"lazy\" decoding=\"async\" width=\"768\" height=\"1024\" src=\"https:\/\/namelok.com\/wp-content\/uploads\/2021\/09\/WhatsApp-Image-2021-09-14-at-14.06.42.jpeg\" alt=\"Joli moment de retrouvailles entre une marraine et sa filleule\" class=\"wp-image-179\" srcset=\"https:\/\/namelok.org\/wp-content\/uploads\/2021\/09\/WhatsApp-Image-2021-09-14-at-14.06.42.jpeg 768w, https:\/\/namelok.org\/wp-content\/uploads\/2021\/09\/WhatsApp-Image-2021-09-14-at-14.06.42-225x300.jpeg 225w\" sizes=\"auto, (max-width: 768px) 100vw, 768px\" \/><\/figure>\n<\/div>\n\n\n\n<div class=\"wp-block-column is-layout-flow wp-block-column-is-layout-flow\">\n<p>Actuellement, nous avons plus de 40 \u00e9l\u00e8ves qui peuvent se rendre \u00e0 l&rsquo;\u00e9cole tous les jours gr\u00e2ce au soutien de nos parrains et marraines.<\/p>\n\n\n\n<p>Parmi ces \u00e9l\u00e8ves, il y en a d\u00e9j\u00e0 12 qui sont en secondaire. Il s&rsquo;agit de 11 jeunes filles et d&rsquo;un gar\u00e7on. Tous sont dans le besoin et sans notre aide, ils ne pourraient pas continuer leur scolarit\u00e9. <\/p>\n\n\n\n<p>Il faut savoir que les enfants, ici, d\u00e8s le secondaire, sont en internat. Une grande partie des familles de la r\u00e9gion sont dans l&rsquo;impossibilit\u00e9 d&rsquo;assumer ces frais !<\/p>\n\n\n\n<p>Nous soutenons principalement des jeunes filles afin de leur permettre d&rsquo;\u00e9viter un mariage pr\u00e9coce, mais aussi de jeunes gar\u00e7ons orphelins.<\/p>\n\n\n\n<p>Gr\u00e2ce aux parrainages, nous prenons \u00e0 notre charge les frais scolaires, les uniformes, les livres et le mat\u00e9riel scolaire ainsi que les achats obligatoires comme les draps, les chaussures, etc&#8230;<\/p>\n\n\n\n<p>Certaines familles sont \u00e9galement soutenues pour les frais de sant\u00e9 par le biais d&rsquo;une assurance maladie.<\/p>\n\n\n\n<p>Int\u00e9ress\u00e9s par soutenir une jeune fille ou un gar\u00e7on orphelin, vous trouverez toutes les informations et tarifs ci-dessous.<\/p>\n\n\n\n<p>Si le budget est trop \u00e9lev\u00e9 pour vous, pourquoi pas ne pas vous r\u00e9unir avec des personnes de votre entourage, votre famille, vos amis ou vos coll\u00e8gues ?<\/p>\n\n\n\n<div class=\"wp-block-columns is-layout-flex wp-container-core-columns-is-layout-9d6595d7 wp-block-columns-is-layout-flex\">\n<div class=\"wp-block-column is-layout-flow wp-block-column-is-layout-flow\">\n<div class=\"wp-block-buttons is-layout-flex wp-block-buttons-is-layout-flex\">\n<div class=\"wp-block-button has-custom-width wp-block-button__width-100 is-style-fill\"><a class=\"wp-block-button__link has-sitebg-color has-accent-2-background-color has-text-color has-background\" href=\"https:\/\/namelok.com\/wp-content\/uploads\/2022\/11\/Parrainage-23-7-nov.-2022-12-19.pdf\" target=\"_blank\" rel=\"noreferrer noopener\"><strong>INFOS &amp; TARIFS<\/strong><\/a><\/div>\n<\/div>\n<\/div>\n\n\n\n<div class=\"wp-block-column is-layout-flow wp-block-column-is-layout-flow\">\n<div class=\"wp-block-buttons is-layout-flex wp-block-buttons-is-layout-flex\">\n<div class=\"wp-block-button has-custom-width wp-block-button__width-100\"><a class=\"wp-block-button__link has-sitebg-color has-accent-2-background-color has-text-color has-background\" href=\"https:\/\/namelok.com\/wp-content\/uploads\/2022\/11\/Engagement-23-7-nov.-2022-12-48.pdf\" target=\"_blank\" rel=\"noreferrer noopener\"><strong>CANDIDATURES<\/strong><\/a><\/div>\n<\/div>\n<\/div>\n<\/div>\n<\/div>\n<\/div>\n","protected":false},"excerpt":{"rendered":"<p>\u00ab\u00a0L&rsquo;\u00e9ducation est l&rsquo;arme la plus puissante qu&rsquo;on puisse utiliser pour changer le monde.\u00a0\u00bb Nelson Mandela Actuellement, nous avons plus de 40 \u00e9l\u00e8ves qui peuvent se &hellip;<\/p>\n","protected":false},"author":1,"featured_media":0,"parent":38,"menu_order":0,"comment_status":"closed","ping_status":"closed","template":"","meta":{"footnotes":""},"class_list":["post-39","page","type-page","status-publish","hentry"],"_links":{"self":[{"href":"https:\/\/namelok.org\/fr\/wp-json\/wp\/v2\/pages\/39","targetHints":{"allow":["GET"]}}],"collection":[{"href":"https:\/\/namelok.org\/fr\/wp-json\/wp\/v2\/pages"}],"about":[{"href":"https:\/\/namelok.org\/fr\/wp-json\/wp\/v2\/types\/page"}],"author":[{"embeddable":true,"href":"https:\/\/namelok.org\/fr\/wp-json\/wp\/v2\/users\/1"}],"replies":[{"embeddable":true,"href":"https:\/\/namelok.org\/fr\/wp-json\/wp\/v2\/comments?post=39"}],"version-history":[{"count":16,"href":"https:\/\/namelok.org\/fr\/wp-json\/wp\/v2\/pages\/39\/revisions"}],"predecessor-version":[{"id":845,"href":"https:\/\/namelok.org\/fr\/wp-json\/wp\/v2\/pages\/39\/revisions\/845"}],"up":[{"embeddable":true,"href":"https:\/\/namelok.org\/fr\/wp-json\/wp\/v2\/pages\/38"}],"wp:attachment":[{"href":"https:\/\/namelok.org\/fr\/wp-json\/wp\/v2\/media?parent=39"}],"curies":[{"name":"wp","href":"https:\/\/api.w.org\/{rel}","templated":true}]}}