{"id":37,"date":"2021-07-13T13:43:49","date_gmt":"2021-07-13T11:43:49","guid":{"rendered":"http:\/\/namelok.com\/?page_id=37"},"modified":"2022-12-15T23:30:52","modified_gmt":"2022-12-15T22:30:52","slug":"namelok-farm-association-2","status":"publish","type":"page","link":"https:\/\/namelok.org\/fr\/namelok-farm-association-2\/","title":{"rendered":"Namelok Farm Association"},"content":{"rendered":"\n<blockquote class=\"wp-block-quote has-text-align-center is-layout-flow wp-block-quote-is-layout-flow\">\n<p>Dans \u00ab\u00a0Humain, trop humain\u00a0\u00bb, Nietzsche dit : <\/p>\n\n\n\n<p>\u00ab\u00a0La premi\u00e8re pens\u00e9e de la journ\u00e9e, \u00e7a pourrait \u00eatre : \u00c0 qui, aujourd&rsquo;hui, tu veux faire plaisir ?\u00a0\u00bb <\/p>\n\n\n\n<p>C&rsquo;est tout con, mais \u00e7a peut changer tout le cours d&rsquo;une existence. <\/p>\n\n\n\n<p>Oui \u00eatre g\u00e9n\u00e9reux, c&rsquo;est pas un diktat, c&rsquo;est une fid\u00e9lit\u00e9 \u00e0 la vie.  <\/p>\n<cite>Alexandre Jollien dans l&rsquo;\u00e9mission \u00ab\u00a0Sept \u00e0 Huit\u00a0\u00bb du 16.01.2022<\/cite><\/blockquote>\n\n\n\n<p><\/p>\n\n\n\n<p>Tout a d\u00e9but\u00e9 en avril 2019, lors de mon second voyage en terre maasa\u00ef. J\u2019avais pris dans mes bagages des plumiers avec des crayons de couleur et des stylos pour chacun des enfants de Koitamet, du papier pour Sabore qui n\u2019allait pas encore \u00e0 l\u2019\u00e9cole afin que nous puissions dessiner.<\/p>\n\n\n\n<p>Lorsque Koitamet a vu mon paquet de 100 feuilles, tout de suite il m\u2019a dit que l\u2019on ne pouvait pas garder cela pour nous, mais qu\u2019il fallait qu\u2019on les am\u00e8ne \u00e0 l\u2019\u00e9cole.<\/p>\n\n\n\n<p>C\u2019est ce que l\u2019on a fait et quelle n\u2019a pas \u00e9t\u00e9 ma surprise quand j\u2019ai d\u00e9couvert que la directrice avait les larmes aux yeux et n\u2019arr\u00eatait pas de me remercier pour quelques simples feuilles de papier.<\/p>\n\n\n\n<p>Je lui ai promis de ramener des bristols pour d\u00e9corer les classes. C\u2019est \u00e0 ce moment que l\u2019id\u00e9e de l\u2019association a commenc\u00e9 \u00e0 germer.<\/p>\n\n\n\n<p>Namelok Farm Association a d\u00e9marr\u00e9 gentiment et, depuis lors, nous avons d\u00e9j\u00e0 amen\u00e9 plus de 300 kg de cahiers dans 5 \u00e9tablissements scolaires, des crayons, des stylos, des gommes, etc\u2026 qui font la joie des \u00e9l\u00e8ves et soulagent les enseignants.<\/p>\n\n\n\n<p>Nous sommes une association fond\u00e9e en ao\u00fbt 2019 sur les hauts de Morges en Suisse et avons les objectifs suivants :<\/p>\n\n\n\n<ul class=\"wp-block-list\">\n<li>un soutien aux \u00e9coles par l\u2019achat de mat\u00e9riel scolaire, de mobilier, la cr\u00e9ation de cantines, la construction de toilettes s\u00e8ches et autres besoins<\/li>\n\n\n\n<li>des parrainages d\u2019enfants afin qu\u2019ils puissent aller \u00e0 l\u2019\u00e9cole<\/li>\n\n\n\n<li>le d\u00e9veloppement d\u2019un projet autour de l\u2019art\u00e9misia, plante m\u00e9dicinale soignant la malaria<\/li>\n\n\n\n<li>un acc\u00e8s \u00e0 l&rsquo;eau potable pour chaque \u00e9cole et chaque famille par le biais de purificateurs d&rsquo;eau<\/li>\n\n\n\n<li>tout autre projet permettant la mise en place de l\u2019association au Kenya ainsi qu\u2019une aide \u00e0 la population aux alentours de Naikarra<\/li>\n<\/ul>\n\n\n\n<p>Deuxi\u00e8mement, l\u2019Association a pour but en Suisse, en France et en&nbsp;Belgique, de faire conna\u00eetre la culture maasa\u00efe, ses traditions, sa sagesse, de faire d\u00e9couvrir leur mani\u00e8re de vivre et, au besoin, de prendre leur d\u00e9fense.&nbsp;<\/p>\n\n\n\n<p>Namelok Farm association est jumel\u00e9e avec Namelok Camp Association. Ella a \u00e9t\u00e9 enregistr\u00e9e au Kenya en novembre 2019 et poursuit bien \u00e9videmment les m\u00eames buts.<\/p>\n\n\n\n<p>C&rsquo;est avec joie que Maud Ankaoua, amie ch\u00e8re de Karine Nanyorri, a accept\u00e9 en ao\u00fbt 2021, d&rsquo;\u00eatre la marraine de notre association.<\/p>\n\n\n\n<div class=\"wp-block-columns is-layout-flex wp-container-core-columns-is-layout-9d6595d7 wp-block-columns-is-layout-flex\">\n<div class=\"wp-block-column is-layout-flow wp-block-column-is-layout-flow\" style=\"flex-basis:33.33%\">\n<figure class=\"wp-block-image size-full is-resized\"><img loading=\"lazy\" decoding=\"async\" src=\"https:\/\/namelok.com\/wp-content\/uploads\/2021\/09\/Maud-Ankaoua.jpg\" alt=\"\" class=\"wp-image-302\" width=\"316\" height=\"596\" srcset=\"https:\/\/namelok.org\/wp-content\/uploads\/2021\/09\/Maud-Ankaoua.jpg 509w, https:\/\/namelok.org\/wp-content\/uploads\/2021\/09\/Maud-Ankaoua-159x300.jpg 159w\" sizes=\"auto, (max-width: 316px) 100vw, 316px\" \/><\/figure>\n<\/div>\n\n\n\n<div class=\"wp-block-column is-layout-flow wp-block-column-is-layout-flow\" style=\"flex-basis:66.66%\">\n<div class=\"wp-block-buttons is-content-justification-center is-layout-flex wp-container-core-buttons-is-layout-16018d1d wp-block-buttons-is-layout-flex\"><\/div>\n\n\n\n<div style=\"height:218px\" aria-hidden=\"true\" class=\"wp-block-spacer\"><\/div>\n\n\n\n<div class=\"wp-block-buttons is-layout-flex wp-block-buttons-is-layout-flex\">\n<div class=\"wp-block-button aligncenter has-custom-width wp-block-button__width-75\"><a class=\"wp-block-button__link has-sitebg-color has-accent-2-background-color has-text-color has-background wp-element-button\" href=\"https:\/\/namelok.com\/wp-content\/uploads\/2022\/12\/Aidez-nous-a-aider.pdf\">AIDEZ-NOUS \u00c0 AIDER<\/a><\/div>\n<\/div>\n<\/div>\n<\/div>\n\n\n\n<p><\/p>\n\n\n\n<p><\/p>\n\n\n\n<p><\/p>\n","protected":false},"excerpt":{"rendered":"<p>Dans \u00ab\u00a0Humain, trop humain\u00a0\u00bb, Nietzsche dit : \u00ab\u00a0La premi\u00e8re pens\u00e9e de la journ\u00e9e, \u00e7a pourrait \u00eatre : \u00c0 qui, aujourd&rsquo;hui, tu veux faire plaisir ?\u00a0\u00bb &hellip;<\/p>\n","protected":false},"author":1,"featured_media":0,"parent":0,"menu_order":8,"comment_status":"closed","ping_status":"closed","template":"","meta":{"footnotes":""},"class_list":["post-37","page","type-page","status-publish","hentry"],"_links":{"self":[{"href":"https:\/\/namelok.org\/fr\/wp-json\/wp\/v2\/pages\/37","targetHints":{"allow":["GET"]}}],"collection":[{"href":"https:\/\/namelok.org\/fr\/wp-json\/wp\/v2\/pages"}],"about":[{"href":"https:\/\/namelok.org\/fr\/wp-json\/wp\/v2\/types\/page"}],"author":[{"embeddable":true,"href":"https:\/\/namelok.org\/fr\/wp-json\/wp\/v2\/users\/1"}],"replies":[{"embeddable":true,"href":"https:\/\/namelok.org\/fr\/wp-json\/wp\/v2\/comments?post=37"}],"version-history":[{"count":14,"href":"https:\/\/namelok.org\/fr\/wp-json\/wp\/v2\/pages\/37\/revisions"}],"predecessor-version":[{"id":857,"href":"https:\/\/namelok.org\/fr\/wp-json\/wp\/v2\/pages\/37\/revisions\/857"}],"wp:attachment":[{"href":"https:\/\/namelok.org\/fr\/wp-json\/wp\/v2\/media?parent=37"}],"curies":[{"name":"wp","href":"https:\/\/api.w.org\/{rel}","templated":true}]}}