{"id":254,"date":"2021-09-15T13:19:54","date_gmt":"2021-09-15T11:19:54","guid":{"rendered":"https:\/\/namelok.com\/?page_id=254"},"modified":"2022-01-29T13:09:31","modified_gmt":"2022-01-29T12:09:31","slug":"status","status":"publish","type":"page","link":"https:\/\/namelok.org\/fr\/namelok-farm-association-2\/status\/","title":{"rendered":"Et tous nos r\u00eaves"},"content":{"rendered":"\n<blockquote class=\"wp-block-quote has-text-align-center is-layout-flow wp-block-quote-is-layout-flow\"><p>C&rsquo;est justement la possibilit\u00e9 de r\u00e9aliser un r\u00eave qui rend la vie int\u00e9ressante.<\/p><cite>Paulo Coelho, L&rsquo;Alchimiste<\/cite><\/blockquote>\n\n\n\n<p><\/p>\n\n\n\n<ul class=\"wp-block-list\"><li>Un puits proche de Oletuya Primary School (budget CHF 6&rsquo;000.&#8211;) permettrait \u00e0 l&rsquo;\u00e9cole ainsi qu&rsquo;au petit dispensaire, tout pr\u00e8s et faisant aussi office de maternit\u00e9, de pouvoir b\u00e9n\u00e9ficier d&rsquo;eau claire et constante.<\/li><li>Un orphelinat afin que les enfants ne soient pas s\u00e9par\u00e9s de leurs fr\u00e8res et soeurs et qu&rsquo;ils puissent grandir sereinement dans un lieu ad\u00e9quat et joyeux.<\/li><li>Un lieu d&rsquo;accueil \u00e0 la journ\u00e9e pour les enfants souffrant de diff\u00e9rents handicaps, tels que l&rsquo;autisme, les handicaps physique, moteur, visuel ou auditif, etc&#8230;<\/li><li>D\u00e9multiplier le projet de l&rsquo; \u00ab\u00a0Ecole pour les adultes\u00a0\u00bb.<\/li><li>Planter, planter et encore planter de l&rsquo;artemisia.<\/li><li>Offrir de l&rsquo;eau potable.<\/li><\/ul>\n\n\n\n<p>Pour que tous ces projets voient le jour, nous avons besoin de vous et de votre soutien financier. Alors merci par avance pour votre g\u00e9n\u00e9rosit\u00e9 et vos partages.<\/p>\n\n\n\n<p><\/p>\n\n\n\n<blockquote class=\"wp-block-quote is-layout-flow wp-block-quote-is-layout-flow\"><p><\/p><\/blockquote>\n","protected":false},"excerpt":{"rendered":"<p>C&rsquo;est justement la possibilit\u00e9 de r\u00e9aliser un r\u00eave qui rend la vie int\u00e9ressante. Paulo Coelho, L&rsquo;Alchimiste Un puits proche de Oletuya Primary School (budget CHF &hellip;<\/p>\n","protected":false},"author":1,"featured_media":0,"parent":37,"menu_order":3,"comment_status":"closed","ping_status":"closed","template":"","meta":{"footnotes":""},"class_list":["post-254","page","type-page","status-publish","hentry"],"_links":{"self":[{"href":"https:\/\/namelok.org\/fr\/wp-json\/wp\/v2\/pages\/254","targetHints":{"allow":["GET"]}}],"collection":[{"href":"https:\/\/namelok.org\/fr\/wp-json\/wp\/v2\/pages"}],"about":[{"href":"https:\/\/namelok.org\/fr\/wp-json\/wp\/v2\/types\/page"}],"author":[{"embeddable":true,"href":"https:\/\/namelok.org\/fr\/wp-json\/wp\/v2\/users\/1"}],"replies":[{"embeddable":true,"href":"https:\/\/namelok.org\/fr\/wp-json\/wp\/v2\/comments?post=254"}],"version-history":[{"count":11,"href":"https:\/\/namelok.org\/fr\/wp-json\/wp\/v2\/pages\/254\/revisions"}],"predecessor-version":[{"id":775,"href":"https:\/\/namelok.org\/fr\/wp-json\/wp\/v2\/pages\/254\/revisions\/775"}],"up":[{"embeddable":true,"href":"https:\/\/namelok.org\/fr\/wp-json\/wp\/v2\/pages\/37"}],"wp:attachment":[{"href":"https:\/\/namelok.org\/fr\/wp-json\/wp\/v2\/media?parent=254"}],"curies":[{"name":"wp","href":"https:\/\/api.w.org\/{rel}","templated":true}]}}