{"id":109,"date":"2021-07-13T14:15:10","date_gmt":"2021-07-13T12:15:10","guid":{"rendered":"http:\/\/namelok.com\/?page_id=109"},"modified":"2022-01-30T16:23:15","modified_gmt":"2022-01-30T15:23:15","slug":"distribution-de-nourriture","status":"publish","type":"page","link":"https:\/\/namelok.org\/fr\/namelok-farm-association-2\/projets-realises\/distribution-de-nourriture\/","title":{"rendered":"Nos diverses petites actions"},"content":{"rendered":"\n<blockquote class=\"wp-block-quote is-layout-flow wp-block-quote-is-layout-flow\"><p><strong>Se donner du mal pour les petites choses, c&rsquo;est parvenir aux grandes, avec le temps.<\/strong><\/p><cite>Samuel Beckett<\/cite><\/blockquote>\n\n\n\n<p><\/p>\n\n\n\n<ul class=\"wp-block-list\"><li>Depuis avril 2019, Karine et les personnes nous rendant visite apportent r\u00e9guli\u00e8rement des cahiers, du mat\u00e9riel scolaire (crayons, stylos, gommes, etc&#8230;), des ballons de foot ou rugby et des maillots et ce, aux 5 diff\u00e9rentes \u00e9coles se trouvant aux alentours de Namelok Camp.<\/li><li>Plantation d&rsquo;art\u00e9misia et distribution r\u00e9guli\u00e8re de tisane \u00e0 la population.<\/li><li>R\u00e9guli\u00e8rement, nous organisons \u00e0 Namelok Camp des distributions gratuites d&rsquo;habits et de chaussures pour la communaut\u00e9.<\/li><li>Karine apporte un soutien m\u00e9dical, dans la mesure de ses comp\u00e9tences, en soulageant la population locale avec des m\u00e9dicaments, des soins basiques tels que d\u00e9sinfections et pansements.<\/li><li>Avril et mai 2020, nous avons distribu\u00e9 de la nourriture \u00e0 plus de 40 familles et ce durant 6 semaines. La situation en pays maasa\u00ef \u00e9tait catastrophique en raison de la fermeture des march\u00e9s pour cause de COVID.<\/li><li>F\u00e9vrier 2021, avec toute une \u00e9quipes de jeunes venus de Suisse, nous avons repeint plusieurs classes ainsi que les ext\u00e9rieurs de Oletuya Primary School.<\/li><li>Une classe romande \u00e9change et correspond avec une classe en pays maasa\u00ef. Karine joue le r\u00f4le de facteur depuis septembre 2021.<\/li><li>Et bien d&rsquo;autres \u00ab\u00a0petites\u00a0\u00bb choses&#8230;<\/li><\/ul>\n\n\n\n<figure class=\"wp-block-gallery columns-3 is-cropped wp-block-gallery-1 is-layout-flex wp-block-gallery-is-layout-flex\"><ul class=\"blocks-gallery-grid\"><li class=\"blocks-gallery-item\"><figure><img loading=\"lazy\" decoding=\"async\" width=\"1024\" height=\"758\" src=\"https:\/\/namelok.com\/wp-content\/uploads\/2022\/01\/IMG_5516-1024x758.jpg\" alt=\"\" data-id=\"351\" data-link=\"https:\/\/namelok.com\/namelok-farm-association-2\/projets-realises\/distribution-de-nourriture\/img_5516\/\" class=\"wp-image-351\" srcset=\"https:\/\/namelok.org\/wp-content\/uploads\/2022\/01\/IMG_5516-1024x758.jpg 1024w, https:\/\/namelok.org\/wp-content\/uploads\/2022\/01\/IMG_5516-300x222.jpg 300w, https:\/\/namelok.org\/wp-content\/uploads\/2022\/01\/IMG_5516-768x568.jpg 768w, https:\/\/namelok.org\/wp-content\/uploads\/2022\/01\/IMG_5516-16x12.jpg 16w, https:\/\/namelok.org\/wp-content\/uploads\/2022\/01\/IMG_5516-405x300.jpg 405w, https:\/\/namelok.org\/wp-content\/uploads\/2022\/01\/IMG_5516.jpg 1242w\" sizes=\"auto, (max-width: 1024px) 100vw, 1024px\" \/><figcaption class=\"blocks-gallery-item__caption\">Distribution de cahiers et autre mat\u00e9riel (f\u00e9vrier 2020)<\/figcaption><\/figure><\/li><li class=\"blocks-gallery-item\"><figure><img loading=\"lazy\" decoding=\"async\" width=\"692\" height=\"923\" src=\"https:\/\/namelok.com\/wp-content\/uploads\/2022\/01\/78c9a569-4547-45dc-8811-406c496e100a.jpg\" alt=\"\" data-id=\"356\" data-link=\"https:\/\/namelok.com\/namelok-farm-association-2\/projets-realises\/distribution-de-nourriture\/78c9a569-4547-45dc-8811-406c496e100a\/\" class=\"wp-image-356\" srcset=\"https:\/\/namelok.org\/wp-content\/uploads\/2022\/01\/78c9a569-4547-45dc-8811-406c496e100a.jpg 692w, https:\/\/namelok.org\/wp-content\/uploads\/2022\/01\/78c9a569-4547-45dc-8811-406c496e100a-225x300.jpg 225w, https:\/\/namelok.org\/wp-content\/uploads\/2022\/01\/78c9a569-4547-45dc-8811-406c496e100a-9x12.jpg 9w\" sizes=\"auto, (max-width: 692px) 100vw, 692px\" \/><figcaption class=\"blocks-gallery-item__caption\">Distribution de nourriture<\/figcaption><\/figure><\/li><li class=\"blocks-gallery-item\"><figure><img loading=\"lazy\" decoding=\"async\" width=\"1024\" height=\"576\" src=\"https:\/\/namelok.com\/wp-content\/uploads\/2022\/01\/20200204_153049-1024x576.jpg\" alt=\"\" data-id=\"355\" data-link=\"https:\/\/namelok.com\/namelok-farm-association-2\/projets-realises\/distribution-de-nourriture\/20200204_153049\/\" class=\"wp-image-355\" srcset=\"https:\/\/namelok.org\/wp-content\/uploads\/2022\/01\/20200204_153049-1024x576.jpg 1024w, https:\/\/namelok.org\/wp-content\/uploads\/2022\/01\/20200204_153049-300x169.jpg 300w, https:\/\/namelok.org\/wp-content\/uploads\/2022\/01\/20200204_153049-768x432.jpg 768w, https:\/\/namelok.org\/wp-content\/uploads\/2022\/01\/20200204_153049-1536x864.jpg 1536w, https:\/\/namelok.org\/wp-content\/uploads\/2022\/01\/20200204_153049-2048x1152.jpg 2048w, https:\/\/namelok.org\/wp-content\/uploads\/2022\/01\/20200204_153049-18x10.jpg 18w, https:\/\/namelok.org\/wp-content\/uploads\/2022\/01\/20200204_153049-496x279.jpg 496w\" sizes=\"auto, (max-width: 1024px) 100vw, 1024px\" \/><figcaption class=\"blocks-gallery-item__caption\">Achat de chaises afin que tous les \u00e9l\u00e8ves puissent avoir un si\u00e8ge<\/figcaption><\/figure><\/li><\/ul><\/figure>\n\n\n\n<figure class=\"wp-block-gallery columns-3 is-cropped wp-block-gallery-2 is-layout-flex wp-block-gallery-is-layout-flex\"><ul class=\"blocks-gallery-grid\"><li class=\"blocks-gallery-item\"><figure><img loading=\"lazy\" decoding=\"async\" width=\"1024\" height=\"768\" src=\"https:\/\/namelok.com\/wp-content\/uploads\/2022\/01\/PHOTO-2022-01-18-12-30-48-3.jpg\" alt=\"\" data-id=\"359\" data-full-url=\"https:\/\/namelok.com\/wp-content\/uploads\/2022\/01\/PHOTO-2022-01-18-12-30-48-3.jpg\" data-link=\"https:\/\/namelok.com\/namelok-farm-association-2\/projets-realises\/distribution-de-nourriture\/photo-2022-01-18-12-30-48-3\/\" class=\"wp-image-359\" srcset=\"https:\/\/namelok.org\/wp-content\/uploads\/2022\/01\/PHOTO-2022-01-18-12-30-48-3.jpg 1024w, https:\/\/namelok.org\/wp-content\/uploads\/2022\/01\/PHOTO-2022-01-18-12-30-48-3-300x225.jpg 300w, https:\/\/namelok.org\/wp-content\/uploads\/2022\/01\/PHOTO-2022-01-18-12-30-48-3-768x576.jpg 768w, https:\/\/namelok.org\/wp-content\/uploads\/2022\/01\/PHOTO-2022-01-18-12-30-48-3-16x12.jpg 16w, https:\/\/namelok.org\/wp-content\/uploads\/2022\/01\/PHOTO-2022-01-18-12-30-48-3-400x300.jpg 400w\" sizes=\"auto, (max-width: 1024px) 100vw, 1024px\" \/><figcaption class=\"blocks-gallery-item__caption\">Peinture des classes<\/figcaption><\/figure><\/li><li class=\"blocks-gallery-item\"><figure><img loading=\"lazy\" decoding=\"async\" width=\"768\" height=\"1024\" src=\"https:\/\/namelok.com\/wp-content\/uploads\/2022\/01\/PHOTO-2022-01-18-12-30-48-2.jpg\" alt=\"\" data-id=\"358\" data-full-url=\"https:\/\/namelok.com\/wp-content\/uploads\/2022\/01\/PHOTO-2022-01-18-12-30-48-2.jpg\" data-link=\"https:\/\/namelok.com\/namelok-farm-association-2\/projets-realises\/distribution-de-nourriture\/photo-2022-01-18-12-30-48-2\/\" class=\"wp-image-358\" srcset=\"https:\/\/namelok.org\/wp-content\/uploads\/2022\/01\/PHOTO-2022-01-18-12-30-48-2.jpg 768w, https:\/\/namelok.org\/wp-content\/uploads\/2022\/01\/PHOTO-2022-01-18-12-30-48-2-225x300.jpg 225w, https:\/\/namelok.org\/wp-content\/uploads\/2022\/01\/PHOTO-2022-01-18-12-30-48-2-9x12.jpg 9w\" sizes=\"auto, (max-width: 768px) 100vw, 768px\" \/><figcaption class=\"blocks-gallery-item__caption\">Peinture des clases<\/figcaption><\/figure><\/li><li class=\"blocks-gallery-item\"><figure><img loading=\"lazy\" decoding=\"async\" width=\"1024\" height=\"768\" src=\"https:\/\/namelok.com\/wp-content\/uploads\/2022\/01\/PHOTO-2022-01-18-14-29-17.jpg\" alt=\"\" data-id=\"361\" data-full-url=\"https:\/\/namelok.com\/wp-content\/uploads\/2022\/01\/PHOTO-2022-01-18-14-29-17.jpg\" data-link=\"https:\/\/namelok.com\/namelok-farm-association-2\/projets-realises\/distribution-de-nourriture\/photo-2022-01-18-14-29-17\/\" class=\"wp-image-361\" srcset=\"https:\/\/namelok.org\/wp-content\/uploads\/2022\/01\/PHOTO-2022-01-18-14-29-17.jpg 1024w, https:\/\/namelok.org\/wp-content\/uploads\/2022\/01\/PHOTO-2022-01-18-14-29-17-300x225.jpg 300w, https:\/\/namelok.org\/wp-content\/uploads\/2022\/01\/PHOTO-2022-01-18-14-29-17-768x576.jpg 768w, https:\/\/namelok.org\/wp-content\/uploads\/2022\/01\/PHOTO-2022-01-18-14-29-17-16x12.jpg 16w, https:\/\/namelok.org\/wp-content\/uploads\/2022\/01\/PHOTO-2022-01-18-14-29-17-400x300.jpg 400w\" sizes=\"auto, (max-width: 1024px) 100vw, 1024px\" \/><figcaption class=\"blocks-gallery-item__caption\">Nouveaux maillots<\/figcaption><\/figure><\/li><\/ul><\/figure>\n","protected":false},"excerpt":{"rendered":"<p>Se donner du mal pour les petites choses, c&rsquo;est parvenir aux grandes, avec le temps. Samuel Beckett Depuis avril 2019, Karine et les personnes nous &hellip;<\/p>\n","protected":false},"author":1,"featured_media":0,"parent":107,"menu_order":0,"comment_status":"closed","ping_status":"closed","template":"","meta":{"footnotes":""},"class_list":["post-109","page","type-page","status-publish","hentry"],"_links":{"self":[{"href":"https:\/\/namelok.org\/fr\/wp-json\/wp\/v2\/pages\/109","targetHints":{"allow":["GET"]}}],"collection":[{"href":"https:\/\/namelok.org\/fr\/wp-json\/wp\/v2\/pages"}],"about":[{"href":"https:\/\/namelok.org\/fr\/wp-json\/wp\/v2\/types\/page"}],"author":[{"embeddable":true,"href":"https:\/\/namelok.org\/fr\/wp-json\/wp\/v2\/users\/1"}],"replies":[{"embeddable":true,"href":"https:\/\/namelok.org\/fr\/wp-json\/wp\/v2\/comments?post=109"}],"version-history":[{"count":16,"href":"https:\/\/namelok.org\/fr\/wp-json\/wp\/v2\/pages\/109\/revisions"}],"predecessor-version":[{"id":811,"href":"https:\/\/namelok.org\/fr\/wp-json\/wp\/v2\/pages\/109\/revisions\/811"}],"up":[{"embeddable":true,"href":"https:\/\/namelok.org\/fr\/wp-json\/wp\/v2\/pages\/107"}],"wp:attachment":[{"href":"https:\/\/namelok.org\/fr\/wp-json\/wp\/v2\/media?parent=109"}],"curies":[{"name":"wp","href":"https:\/\/api.w.org\/{rel}","templated":true}]}}