{"id":38,"date":"2021-07-13T13:43:49","date_gmt":"2021-07-13T11:43:49","guid":{"rendered":"http:\/\/namelok.com\/?page_id=38"},"modified":"2022-01-29T12:50:29","modified_gmt":"2022-01-29T11:50:29","slug":"aidez-nous-a-aider","status":"publish","type":"page","link":"https:\/\/namelok.org\/en\/namelok-farm-association-2\/aidez-nous-a-aider\/","title":{"rendered":"Our latest project in progress"},"content":{"rendered":"<div class=\"wp-block-columns is-layout-flex wp-container-core-columns-is-layout-9d6595d7 wp-block-columns-is-layout-flex\">\n<div class=\"wp-block-column is-layout-flow wp-block-column-is-layout-flow\" style=\"flex-basis:33.33%\">\n<blockquote class=\"wp-block-quote is-layout-flow wp-block-quote-is-layout-flow\"><p>The wealth of any human group lies in communication, mutual aid and solidarity aimed at a common goal: the development of each individual while respecting differences.<\/p><cite>Fran\u00e7oise Dolto<\/cite><\/blockquote>\n<\/div>\n\n\n\n<div class=\"wp-block-column is-layout-flow wp-block-column-is-layout-flow\" style=\"flex-basis:66.66%\">\n<h2 class=\"wp-block-heading\">We need you !<\/h2>\n\n\n\n<h2 class=\"wp-block-heading\"> One franc, ten francs, one hundred francs, one thousand francs, everyone in their own way can contribute to making this project real, so thank you.<\/h2>\n<\/div>\n<\/div>","protected":false},"excerpt":{"rendered":"<p>Tout groupe humain prend sa richesse dans la communication, l&rsquo;entraide et la solidarit\u00e9 visant \u00e0 un but commun : l&rsquo;\u00e9panouissement de chacun dans le respect &hellip;<\/p>","protected":false},"author":1,"featured_media":0,"parent":37,"menu_order":2,"comment_status":"closed","ping_status":"closed","template":"","meta":{"footnotes":""},"class_list":["post-38","page","type-page","status-publish","hentry"],"_links":{"self":[{"href":"https:\/\/namelok.org\/en\/wp-json\/wp\/v2\/pages\/38","targetHints":{"allow":["GET"]}}],"collection":[{"href":"https:\/\/namelok.org\/en\/wp-json\/wp\/v2\/pages"}],"about":[{"href":"https:\/\/namelok.org\/en\/wp-json\/wp\/v2\/types\/page"}],"author":[{"embeddable":true,"href":"https:\/\/namelok.org\/en\/wp-json\/wp\/v2\/users\/1"}],"replies":[{"embeddable":true,"href":"https:\/\/namelok.org\/en\/wp-json\/wp\/v2\/comments?post=38"}],"version-history":[{"count":5,"href":"https:\/\/namelok.org\/en\/wp-json\/wp\/v2\/pages\/38\/revisions"}],"predecessor-version":[{"id":769,"href":"https:\/\/namelok.org\/en\/wp-json\/wp\/v2\/pages\/38\/revisions\/769"}],"up":[{"embeddable":true,"href":"https:\/\/namelok.org\/en\/wp-json\/wp\/v2\/pages\/37"}],"wp:attachment":[{"href":"https:\/\/namelok.org\/en\/wp-json\/wp\/v2\/media?parent=38"}],"curies":[{"name":"wp","href":"https:\/\/api.w.org\/{rel}","templated":true}]}}