{"id":30,"date":"2021-07-13T13:43:01","date_gmt":"2021-07-13T11:43:01","guid":{"rendered":"http:\/\/namelok.com\/?page_id=30"},"modified":"2022-02-06T18:14:06","modified_gmt":"2022-02-06T17:14:06","slug":"ou-nous-sommes","status":"publish","type":"page","link":"https:\/\/namelok.org\/en\/qui-nous-sommes\/ou-nous-sommes\/","title":{"rendered":"Where are we ?"},"content":{"rendered":"<div class=\"wp-block-columns is-layout-flex wp-container-core-columns-is-layout-9d6595d7 wp-block-columns-is-layout-flex\">\n<div class=\"wp-block-column is-layout-flow wp-block-column-is-layout-flow\" style=\"flex-basis:33.33%\">\n<p><\/p>\n\n\n\n<p>We are in Maasai country in Kenya, near the border with Tanzania, in the middle of the bush.<\/p>\n\n\n\n<p>Our camp is located in the township of Naikarra, which means 'surrounded by hills'. <\/p>\n\n\n\n<p>The village is 220 km south-west of Nairobi and 80 km south of Narok. It is a 3 hours journey from Nairobi to Narok and another 2 hours from Narok to Namelok Camp (35 km are of road), provided it doesn't rain...<\/p>\n\n\n\n<p>Lost in the middle of nature at an altitude of 1920 m, our camp is off the beaten track. <\/p>\n\n\n\n<p><\/p>\n\n\n\n<p><\/p>\n<\/div>\n\n\n\n<div class=\"wp-block-column is-layout-flow wp-block-column-is-layout-flow\" style=\"flex-basis:66.66%\">\n<figure class=\"wp-block-gallery columns-2 is-cropped wp-block-gallery-1 is-layout-flex wp-block-gallery-is-layout-flex\"><ul class=\"blocks-gallery-grid\"><li class=\"blocks-gallery-item\"><figure><img loading=\"lazy\" decoding=\"async\" width=\"768\" height=\"1024\" src=\"https:\/\/namelok.com\/wp-content\/uploads\/2022\/01\/Carte-Kenya_JPK-768x1024.jpg\" alt=\"\" data-id=\"397\" data-full-url=\"https:\/\/namelok.com\/wp-content\/uploads\/2022\/01\/Carte-Kenya_JPK.jpg\" data-link=\"https:\/\/namelok.com\/qui-nous-sommes\/ou-nous-sommes\/carte-kenya_jpk\/\" class=\"wp-image-397\" srcset=\"\" sizes=\"auto, (max-width: 768px) 100vw, 768px\" data-srcset=\"\" \/><\/figure><\/li><li class=\"blocks-gallery-item\"><figure><img loading=\"lazy\" decoding=\"async\" width=\"1024\" height=\"651\" src=\"https:\/\/namelok.com\/wp-content\/uploads\/2022\/01\/Carte-Kenya_Karin-1024x651.jpg\" alt=\"\" data-id=\"399\" data-full-url=\"https:\/\/namelok.com\/wp-content\/uploads\/2022\/01\/Carte-Kenya_Karin.jpg\" data-link=\"https:\/\/namelok.com\/qui-nous-sommes\/ou-nous-sommes\/carte-kenya_karin\/\" class=\"wp-image-399\" srcset=\"https:\/\/namelok.org\/wp-content\/uploads\/2022\/01\/Carte-Kenya_Karin-1024x651.jpg 1024w, https:\/\/namelok.org\/wp-content\/uploads\/2022\/01\/Carte-Kenya_Karin-300x191.jpg 300w, https:\/\/namelok.org\/wp-content\/uploads\/2022\/01\/Carte-Kenya_Karin-768x488.jpg 768w, https:\/\/namelok.org\/wp-content\/uploads\/2022\/01\/Carte-Kenya_Karin-1536x976.jpg 1536w, https:\/\/namelok.org\/wp-content\/uploads\/2022\/01\/Carte-Kenya_Karin-18x12.jpg 18w, https:\/\/namelok.org\/wp-content\/uploads\/2022\/01\/Carte-Kenya_Karin-472x300.jpg 472w, https:\/\/namelok.org\/wp-content\/uploads\/2022\/01\/Carte-Kenya_Karin.jpg 1678w\" sizes=\"auto, (max-width: 1024px) 100vw, 1024px\" \/><\/figure><\/li><\/ul><\/figure>\n<\/div>\n<\/div>\n\n\n\n<p>However, the Maasai Mara, Kenya's first and most famous wildlife park, is a 1 hour 20 minute drive from Namelok Camp. The Loita Forest (primary forest and above all sacred forest for the Maasai people) is 2 hours 15 minutes away. <\/p>\n\n\n\n<p>Ideal position to enjoy all the tranquillity of this place and to experience a safari or a trek. <\/p>","protected":false},"excerpt":{"rendered":"<p>Nous sommes en pays maasa\u00ef au Kenya, pr\u00e8s de la fronti\u00e8re avec la Tanzanie, au milieu du bush. Notre camp se situe sur la commune &hellip;<\/p>","protected":false},"author":1,"featured_media":0,"parent":27,"menu_order":0,"comment_status":"closed","ping_status":"closed","template":"","meta":{"footnotes":""},"class_list":["post-30","page","type-page","status-publish","hentry"],"_links":{"self":[{"href":"https:\/\/namelok.org\/en\/wp-json\/wp\/v2\/pages\/30","targetHints":{"allow":["GET"]}}],"collection":[{"href":"https:\/\/namelok.org\/en\/wp-json\/wp\/v2\/pages"}],"about":[{"href":"https:\/\/namelok.org\/en\/wp-json\/wp\/v2\/types\/page"}],"author":[{"embeddable":true,"href":"https:\/\/namelok.org\/en\/wp-json\/wp\/v2\/users\/1"}],"replies":[{"embeddable":true,"href":"https:\/\/namelok.org\/en\/wp-json\/wp\/v2\/comments?post=30"}],"version-history":[{"count":8,"href":"https:\/\/namelok.org\/en\/wp-json\/wp\/v2\/pages\/30\/revisions"}],"predecessor-version":[{"id":816,"href":"https:\/\/namelok.org\/en\/wp-json\/wp\/v2\/pages\/30\/revisions\/816"}],"up":[{"embeddable":true,"href":"https:\/\/namelok.org\/en\/wp-json\/wp\/v2\/pages\/27"}],"wp:attachment":[{"href":"https:\/\/namelok.org\/en\/wp-json\/wp\/v2\/media?parent=30"}],"curies":[{"name":"wp","href":"https:\/\/api.w.org\/{rel}","templated":true}]}}