{"id":254,"date":"2021-09-15T13:19:54","date_gmt":"2021-09-15T11:19:54","guid":{"rendered":"https:\/\/namelok.com\/?page_id=254"},"modified":"2022-01-29T13:09:31","modified_gmt":"2022-01-29T12:09:31","slug":"status","status":"publish","type":"page","link":"https:\/\/namelok.org\/en\/namelok-farm-association-2\/status\/","title":{"rendered":"And all our dreams"},"content":{"rendered":"<blockquote class=\"wp-block-quote has-text-align-center is-layout-flow wp-block-quote-is-layout-flow\"><p>It is precisely the possibility of realising a dream that makes life interesting.<\/p><cite>Paulo Coelho, L'Alchimiste<\/cite><\/blockquote>\n\n\n\n<p><\/p>\n\n\n\n<ul class=\"wp-block-list\"><li>A well near Oletuya Primary School (budget CHF 6'000.-) would allow the school and the small dispensary nearby, which also serves as a maternity clinic, to benefit from clear and constant water.<\/li><li>An orphanage so that the children are not separated from their brothers and sisters and can grow up peacefully in a suitable and happy place.<\/li><li>A day care centre for children with different disabilities, such as autism, physical, motor, visual or hearing disabilities, etc.<\/li><li>Multiplying the \"School for Adults\" project.<\/li><li>Plant, plant, plant artemisia.<\/li><li>Provide clean water.<\/li><\/ul>\n\n\n\n<p>In order for all these projects to come to fruition, we need you and your financial support. So thank you in advance for your generosity and your sharing.<\/p>\n\n\n\n<p><\/p>\n\n\n\n<blockquote class=\"wp-block-quote is-layout-flow wp-block-quote-is-layout-flow\"><p><\/p><\/blockquote>","protected":false},"excerpt":{"rendered":"<p>C&rsquo;est justement la possibilit\u00e9 de r\u00e9aliser un r\u00eave qui rend la vie int\u00e9ressante. Paulo Coelho, L&rsquo;Alchimiste Un puits proche de Oletuya Primary School (budget CHF &hellip;<\/p>","protected":false},"author":1,"featured_media":0,"parent":37,"menu_order":3,"comment_status":"closed","ping_status":"closed","template":"","meta":{"footnotes":""},"class_list":["post-254","page","type-page","status-publish","hentry"],"_links":{"self":[{"href":"https:\/\/namelok.org\/en\/wp-json\/wp\/v2\/pages\/254","targetHints":{"allow":["GET"]}}],"collection":[{"href":"https:\/\/namelok.org\/en\/wp-json\/wp\/v2\/pages"}],"about":[{"href":"https:\/\/namelok.org\/en\/wp-json\/wp\/v2\/types\/page"}],"author":[{"embeddable":true,"href":"https:\/\/namelok.org\/en\/wp-json\/wp\/v2\/users\/1"}],"replies":[{"embeddable":true,"href":"https:\/\/namelok.org\/en\/wp-json\/wp\/v2\/comments?post=254"}],"version-history":[{"count":11,"href":"https:\/\/namelok.org\/en\/wp-json\/wp\/v2\/pages\/254\/revisions"}],"predecessor-version":[{"id":775,"href":"https:\/\/namelok.org\/en\/wp-json\/wp\/v2\/pages\/254\/revisions\/775"}],"up":[{"embeddable":true,"href":"https:\/\/namelok.org\/en\/wp-json\/wp\/v2\/pages\/37"}],"wp:attachment":[{"href":"https:\/\/namelok.org\/en\/wp-json\/wp\/v2\/media?parent=254"}],"curies":[{"name":"wp","href":"https:\/\/api.w.org\/{rel}","templated":true}]}}