{"id":110,"date":"2021-07-13T14:15:10","date_gmt":"2021-07-13T12:15:10","guid":{"rendered":"http:\/\/namelok.com\/?page_id=110"},"modified":"2022-01-28T15:24:47","modified_gmt":"2022-01-28T14:24:47","slug":"ecole-ole-tuya","status":"publish","type":"page","link":"https:\/\/namelok.org\/en\/namelok-farm-association-2\/projets-realises\/ecole-ole-tuya\/","title":{"rendered":"Oletuya Primary School"},"content":{"rendered":"<blockquote class=\"wp-block-quote is-layout-flow wp-block-quote-is-layout-flow\"><p><strong>\u00ab\u00a0Education is power\u00a0\u00bb (l&rsquo;\u00e9ducation est la force)<\/strong><\/p><cite>Oletuya Primary School slogan<\/cite><\/blockquote>\n\n\n\n<p><\/p>\n\n\n\n<div class=\"wp-block-columns is-layout-flex wp-container-core-columns-is-layout-9d6595d7 wp-block-columns-is-layout-flex\">\n<div class=\"wp-block-column is-layout-flow wp-block-column-is-layout-flow\">\n<p>This school is about 30 minutes' walk from our camp and has about 550 students. It has been run for three years by Mr Julius ole Tome, assisted by 13 teachers. There are many challenges to offer the best learning conditions for these students.<\/p>\n\n\n\n<p>We have already completed two beautiful projects:<\/p>\n\n\n\n<ul class=\"wp-block-list\"><li>the replacement of all the windows in the school: most of them were broken or missing. Pupils can study in better conditions.<\/li><li>the creation of dry toilets, 4 for boys with a urinal and 3 for girls. <a href=\"https:\/\/namelok.com\/wp-content\/uploads\/2022\/01\/Journal-de-Morges-05.06.20.jpg\" data-type=\"URL\" data-id=\"https:\/\/namelok.com\/wp-content\/uploads\/2022\/01\/Journal-de-Morges-05.06.20.jpg\" target=\"_blank\" rel=\"noreferrer noopener\">This project was made possible thanks to Guillaume Rapp and his friends<\/a> who raised funds during a cycling tour through Switzerland.<\/li><li>the planting of more than 100 plants of artemisia, a plant which, when drunk as a tea, can cure and prevent malaria. This disease still regularly kills people in Maasai country.<\/li><li>The installation of gutters on the entire roof of the school as well as huge tanks. This will limit the time spent by the pupils fetching water from the well. This project was made possible thanks to our sponsor, Maud Ankaoua, who launched the idea by making a live video on Facebook.<\/li><\/ul>\n\n\n\n<figure class=\"wp-block-gallery columns-3 is-cropped wp-block-gallery-1 is-layout-flex wp-block-gallery-is-layout-flex\"><ul class=\"blocks-gallery-grid\"><li class=\"blocks-gallery-item\"><figure><img loading=\"lazy\" decoding=\"async\" width=\"768\" height=\"1024\" src=\"https:\/\/namelok.com\/wp-content\/uploads\/2022\/01\/PHOTO-2020-12-15-11-53-33-2.jpg\" alt=\"\" data-id=\"367\" data-full-url=\"https:\/\/namelok.com\/wp-content\/uploads\/2022\/01\/PHOTO-2020-12-15-11-53-33-2.jpg\" data-link=\"https:\/\/namelok.com\/namelok-farm-association-2\/projets-realises\/ecole-ole-tuya\/photo-2020-12-15-11-53-33-2\/\" class=\"wp-image-367\" srcset=\"https:\/\/namelok.org\/wp-content\/uploads\/2022\/01\/PHOTO-2020-12-15-11-53-33-2.jpg 768w, https:\/\/namelok.org\/wp-content\/uploads\/2022\/01\/PHOTO-2020-12-15-11-53-33-2-225x300.jpg 225w, https:\/\/namelok.org\/wp-content\/uploads\/2022\/01\/PHOTO-2020-12-15-11-53-33-2-9x12.jpg 9w\" sizes=\"auto, (max-width: 768px) 100vw, 768px\" \/><figcaption class=\"blocks-gallery-item__caption\">New glass for all windows<\/figcaption><\/figure><\/li><li class=\"blocks-gallery-item\"><figure><img loading=\"lazy\" decoding=\"async\" width=\"1024\" height=\"576\" src=\"https:\/\/namelok.com\/wp-content\/uploads\/2022\/01\/PHOTO-2021-03-02-15-51-07-1024x576.jpg\" alt=\"\" data-id=\"369\" data-full-url=\"https:\/\/namelok.com\/wp-content\/uploads\/2022\/01\/PHOTO-2021-03-02-15-51-07.jpg\" data-link=\"https:\/\/namelok.com\/namelok-farm-association-2\/projets-realises\/ecole-ole-tuya\/photo-2021-03-02-15-51-07\/\" class=\"wp-image-369\" srcset=\"https:\/\/namelok.org\/wp-content\/uploads\/2022\/01\/PHOTO-2021-03-02-15-51-07-1024x576.jpg 1024w, https:\/\/namelok.org\/wp-content\/uploads\/2022\/01\/PHOTO-2021-03-02-15-51-07-300x169.jpg 300w, https:\/\/namelok.org\/wp-content\/uploads\/2022\/01\/PHOTO-2021-03-02-15-51-07-768x432.jpg 768w, https:\/\/namelok.org\/wp-content\/uploads\/2022\/01\/PHOTO-2021-03-02-15-51-07-18x10.jpg 18w, https:\/\/namelok.org\/wp-content\/uploads\/2022\/01\/PHOTO-2021-03-02-15-51-07-496x279.jpg 496w, https:\/\/namelok.org\/wp-content\/uploads\/2022\/01\/PHOTO-2021-03-02-15-51-07.jpg 1280w\" sizes=\"auto, (max-width: 1024px) 100vw, 1024px\" \/><figcaption class=\"blocks-gallery-item__caption\">Start of the foundations for the new toilets<\/figcaption><\/figure><\/li><li class=\"blocks-gallery-item\"><figure><img loading=\"lazy\" decoding=\"async\" width=\"1024\" height=\"766\" src=\"https:\/\/namelok.com\/wp-content\/uploads\/2022\/01\/PHOTO-2021-04-14-13-24-33-1024x766.jpg\" alt=\"\" data-id=\"370\" data-full-url=\"https:\/\/namelok.com\/wp-content\/uploads\/2022\/01\/PHOTO-2021-04-14-13-24-33.jpg\" data-link=\"https:\/\/namelok.com\/namelok-farm-association-2\/projets-realises\/ecole-ole-tuya\/photo-2021-04-14-13-24-33\/\" class=\"wp-image-370\" srcset=\"https:\/\/namelok.org\/wp-content\/uploads\/2022\/01\/PHOTO-2021-04-14-13-24-33-1024x766.jpg 1024w, https:\/\/namelok.org\/wp-content\/uploads\/2022\/01\/PHOTO-2021-04-14-13-24-33-300x225.jpg 300w, https:\/\/namelok.org\/wp-content\/uploads\/2022\/01\/PHOTO-2021-04-14-13-24-33-768x575.jpg 768w, https:\/\/namelok.org\/wp-content\/uploads\/2022\/01\/PHOTO-2021-04-14-13-24-33-16x12.jpg 16w, https:\/\/namelok.org\/wp-content\/uploads\/2022\/01\/PHOTO-2021-04-14-13-24-33-401x300.jpg 401w, https:\/\/namelok.org\/wp-content\/uploads\/2022\/01\/PHOTO-2021-04-14-13-24-33.jpg 1280w\" sizes=\"auto, (max-width: 1024px) 100vw, 1024px\" \/><figcaption class=\"blocks-gallery-item__caption\">Boys' toilets<\/figcaption><\/figure><\/li><\/ul><\/figure>\n\n\n\n<figure class=\"wp-block-gallery columns-3 is-cropped wp-block-gallery-2 is-layout-flex wp-block-gallery-is-layout-flex\"><ul class=\"blocks-gallery-grid\"><li class=\"blocks-gallery-item\"><figure><img loading=\"lazy\" decoding=\"async\" width=\"720\" height=\"960\" src=\"https:\/\/namelok.com\/wp-content\/uploads\/2022\/01\/IMG_6540.jpg\" alt=\"\" data-id=\"373\" data-full-url=\"https:\/\/namelok.com\/wp-content\/uploads\/2022\/01\/IMG_6540.jpg\" data-link=\"https:\/\/namelok.com\/namelok-farm-association-2\/projets-realises\/ecole-ole-tuya\/img_6540\/\" class=\"wp-image-373\" srcset=\"https:\/\/namelok.org\/wp-content\/uploads\/2022\/01\/IMG_6540.jpg 720w, https:\/\/namelok.org\/wp-content\/uploads\/2022\/01\/IMG_6540-225x300.jpg 225w, https:\/\/namelok.org\/wp-content\/uploads\/2022\/01\/IMG_6540-9x12.jpg 9w\" sizes=\"auto, (max-width: 720px) 100vw, 720px\" \/><figcaption class=\"blocks-gallery-item__caption\">Transport of the three tanks<\/figcaption><\/figure><\/li><li class=\"blocks-gallery-item\"><figure><img loading=\"lazy\" decoding=\"async\" width=\"720\" height=\"960\" src=\"https:\/\/namelok.com\/wp-content\/uploads\/2022\/01\/IMG_6538.jpg\" alt=\"\" data-id=\"371\" data-full-url=\"https:\/\/namelok.com\/wp-content\/uploads\/2022\/01\/IMG_6538.jpg\" data-link=\"https:\/\/namelok.com\/namelok-farm-association-2\/projets-realises\/ecole-ole-tuya\/img_6538\/\" class=\"wp-image-371\" srcset=\"https:\/\/namelok.org\/wp-content\/uploads\/2022\/01\/IMG_6538.jpg 720w, https:\/\/namelok.org\/wp-content\/uploads\/2022\/01\/IMG_6538-225x300.jpg 225w, https:\/\/namelok.org\/wp-content\/uploads\/2022\/01\/IMG_6538-9x12.jpg 9w\" sizes=\"auto, (max-width: 720px) 100vw, 720px\" \/><figcaption class=\"blocks-gallery-item__caption\">And the smile, always the smile<\/figcaption><\/figure><\/li><li class=\"blocks-gallery-item\"><figure><img loading=\"lazy\" decoding=\"async\" width=\"1024\" height=\"768\" src=\"https:\/\/namelok.com\/wp-content\/uploads\/2022\/01\/IMG_6539.jpg\" alt=\"\" data-id=\"372\" data-full-url=\"https:\/\/namelok.com\/wp-content\/uploads\/2022\/01\/IMG_6539.jpg\" data-link=\"https:\/\/namelok.com\/namelok-farm-association-2\/projets-realises\/ecole-ole-tuya\/img_6539\/\" class=\"wp-image-372\" srcset=\"https:\/\/namelok.org\/wp-content\/uploads\/2022\/01\/IMG_6539.jpg 1024w, https:\/\/namelok.org\/wp-content\/uploads\/2022\/01\/IMG_6539-300x225.jpg 300w, https:\/\/namelok.org\/wp-content\/uploads\/2022\/01\/IMG_6539-768x576.jpg 768w, https:\/\/namelok.org\/wp-content\/uploads\/2022\/01\/IMG_6539-16x12.jpg 16w, https:\/\/namelok.org\/wp-content\/uploads\/2022\/01\/IMG_6539-400x300.jpg 400w\" sizes=\"auto, (max-width: 1024px) 100vw, 1024px\" \/><figcaption class=\"blocks-gallery-item__caption\">Three tanks of 5'000 litres each <\/figcaption><\/figure><\/li><\/ul><\/figure>\n\n\n\n<figure class=\"wp-block-gallery columns-1 is-cropped wp-block-gallery-3 is-layout-flex wp-block-gallery-is-layout-flex\"><ul class=\"blocks-gallery-grid\"><li class=\"blocks-gallery-item\"><figure><img loading=\"lazy\" decoding=\"async\" width=\"1024\" height=\"944\" src=\"https:\/\/namelok.com\/wp-content\/uploads\/2022\/01\/Journal-de-Morges-05.06.20-1024x944.jpg\" alt=\"Journal de Morges du 5 juin 2020\" data-id=\"674\" data-full-url=\"https:\/\/namelok.com\/wp-content\/uploads\/2022\/01\/Journal-de-Morges-05.06.20.jpg\" data-link=\"https:\/\/namelok.com\/on-parle-de-nous\/journal-de-morges-05-06-20\/\" class=\"wp-image-674\" srcset=\"https:\/\/namelok.org\/wp-content\/uploads\/2022\/01\/Journal-de-Morges-05.06.20-1024x944.jpg 1024w, https:\/\/namelok.org\/wp-content\/uploads\/2022\/01\/Journal-de-Morges-05.06.20-300x277.jpg 300w, https:\/\/namelok.org\/wp-content\/uploads\/2022\/01\/Journal-de-Morges-05.06.20-768x708.jpg 768w, https:\/\/namelok.org\/wp-content\/uploads\/2022\/01\/Journal-de-Morges-05.06.20-1536x1416.jpg 1536w, https:\/\/namelok.org\/wp-content\/uploads\/2022\/01\/Journal-de-Morges-05.06.20-13x12.jpg 13w, https:\/\/namelok.org\/wp-content\/uploads\/2022\/01\/Journal-de-Morges-05.06.20-325x300.jpg 325w, https:\/\/namelok.org\/wp-content\/uploads\/2022\/01\/Journal-de-Morges-05.06.20.jpg 1860w\" sizes=\"auto, (max-width: 1024px) 100vw, 1024px\" \/><figcaption class=\"blocks-gallery-item__caption\">Journal de Morges of 5 June 2020<\/figcaption><\/figure><\/li><\/ul><\/figure>\n\n\n<\/div>\n<\/div>","protected":false},"excerpt":{"rendered":"<p>\u00ab\u00a0Education is power\u00a0\u00bb (l&rsquo;\u00e9ducation est la force) Slogan de l&rsquo;Oletuya Primary School Cette \u00e9cole se trouve \u00e0 environ une trentaine de minutes \u00e0 pieds de &hellip;<\/p>","protected":false},"author":1,"featured_media":0,"parent":107,"menu_order":0,"comment_status":"closed","ping_status":"closed","template":"","meta":{"footnotes":""},"class_list":["post-110","page","type-page","status-publish","hentry"],"_links":{"self":[{"href":"https:\/\/namelok.org\/en\/wp-json\/wp\/v2\/pages\/110","targetHints":{"allow":["GET"]}}],"collection":[{"href":"https:\/\/namelok.org\/en\/wp-json\/wp\/v2\/pages"}],"about":[{"href":"https:\/\/namelok.org\/en\/wp-json\/wp\/v2\/types\/page"}],"author":[{"embeddable":true,"href":"https:\/\/namelok.org\/en\/wp-json\/wp\/v2\/users\/1"}],"replies":[{"embeddable":true,"href":"https:\/\/namelok.org\/en\/wp-json\/wp\/v2\/comments?post=110"}],"version-history":[{"count":10,"href":"https:\/\/namelok.org\/en\/wp-json\/wp\/v2\/pages\/110\/revisions"}],"predecessor-version":[{"id":748,"href":"https:\/\/namelok.org\/en\/wp-json\/wp\/v2\/pages\/110\/revisions\/748"}],"up":[{"embeddable":true,"href":"https:\/\/namelok.org\/en\/wp-json\/wp\/v2\/pages\/107"}],"wp:attachment":[{"href":"https:\/\/namelok.org\/en\/wp-json\/wp\/v2\/media?parent=110"}],"curies":[{"name":"wp","href":"https:\/\/api.w.org\/{rel}","templated":true}]}}